{"id":40446,"date":"2025-02-11T14:36:49","date_gmt":"2025-02-11T14:36:49","guid":{"rendered":"https:\/\/villagrandekalkan.com\/?page_id=40446"},"modified":"2025-02-23T18:43:07","modified_gmt":"2025-02-23T18:43:07","slug":"kart-sepet","status":"publish","type":"page","link":"https:\/\/villagrandekalkan.com\/de\/kart-sepet\/","title":{"rendered":"Kart &#038; Sepet"},"content":{"rendered":"<div data-elementor-type=\"wp-page\" data-elementor-id=\"40446\" class=\"elementor elementor-40446\">\n\t\t\t\t<div class=\"elementor-element elementor-element-3dd115860 e-flex e-con-boxed wpr-particle-no wpr-jarallax-no wpr-parallax-no wpr-sticky-section-no e-con e-parent\" data-id=\"3dd115860\" data-element_type=\"container\">\n\t\t\t\t\t<div class=\"e-con-inner\">\n\t\t\t\t<div class=\"elementor-element elementor-element-6b14ac66 elementor-widget elementor-widget-heading\" data-id=\"6b14ac66\" data-element_type=\"widget\" data-widget_type=\"heading.default\">\n\t\t\t\t<div class=\"elementor-widget-container\">\n\t\t\t\t\t<h2 class=\"elementor-heading-title elementor-size-default\">Cart<\/h2>\t\t\t\t<\/div>\n\t\t\t\t<\/div>\n\t\t\t\t<div class=\"elementor-element elementor-element-14e51c00 elementor-widget elementor-widget-text-editor\" data-id=\"14e51c00\" data-element_type=\"widget\" data-widget_type=\"text-editor.default\">\n\t\t\t\t<div class=\"elementor-widget-container\">\n\t\t\t\t\t\t\t\t\t<p>Debating me breeding be answered.<\/p>\t\t\t\t\t\t\t\t<\/div>\n\t\t\t\t<\/div>\n\t\t\t\t<div class=\"elementor-element elementor-element-37e8cf60 wpr-cart-horizontal wpr-checkout-flex-end elementor-widget elementor-widget-wpr-page-cart\" data-id=\"37e8cf60\" data-element_type=\"widget\" data-widget_type=\"wpr-page-cart.default\">\n\t\t\t\t<div class=\"elementor-widget-container\">\n\t\t\t\t\t<div class=\"woocommerce\"><div class=\"woocommerce-notices-wrapper\"><\/div><div class=\"wc-empty-cart-message\">\n\t<div class=\"cart-empty woocommerce-info\">\n\t\tDein Warenkorb ist gegenw\u00e4rtig leer.\t<\/div>\n<\/div>\t<p class=\"return-to-shop\">\n\t\t<a class=\"button wc-backward\" href=\"https:\/\/villagrandekalkan.com\/de\">\n\t\t\tZur\u00fcck zum Shop\t\t<\/a>\n\t<\/p>\n<\/div>\t\t\t\t<\/div>\n\t\t\t\t<\/div>\n\t\t\t\t\t<\/div>\n\t\t\t\t<\/div>\n\t\t\t\t<\/div>","protected":false},"excerpt":{"rendered":"<p>Cart Debating me breeding be answered. &nbsp; \u00dcr\u00fcn &nbsp; Fiyat Miktar Ara Toplam &times; Payment for Invoice 40443 , Booking 40441, Name: Villa Grande, Period: itibaren \u015eubat 25, 2025 i\u00e7in \u015eubat 28, 2025&nbsp; &#8378;5.400,00 1 &#8378;5.400,00 Update Cart Apply coupon Cart Totals Ara Toplam &#8378;5.400,00 Toplam &#8378;5.400,00 Proceed to Checkout<\/p>","protected":false},"author":1,"featured_media":0,"parent":0,"menu_order":0,"comment_status":"closed","ping_status":"closed","template":"elementor_header_footer","meta":{"inline_featured_image":false,"pgc_sgb_lightbox_settings":"","footnotes":""},"class_list":["post-40446","page","type-page","status-publish","hentry"],"_links":{"self":[{"href":"https:\/\/villagrandekalkan.com\/de\/wp-json\/wp\/v2\/pages\/40446","targetHints":{"allow":["GET"]}}],"collection":[{"href":"https:\/\/villagrandekalkan.com\/de\/wp-json\/wp\/v2\/pages"}],"about":[{"href":"https:\/\/villagrandekalkan.com\/de\/wp-json\/wp\/v2\/types\/page"}],"author":[{"embeddable":true,"href":"https:\/\/villagrandekalkan.com\/de\/wp-json\/wp\/v2\/users\/1"}],"replies":[{"embeddable":true,"href":"https:\/\/villagrandekalkan.com\/de\/wp-json\/wp\/v2\/comments?post=40446"}],"version-history":[{"count":1,"href":"https:\/\/villagrandekalkan.com\/de\/wp-json\/wp\/v2\/pages\/40446\/revisions"}],"predecessor-version":[{"id":41726,"href":"https:\/\/villagrandekalkan.com\/de\/wp-json\/wp\/v2\/pages\/40446\/revisions\/41726"}],"wp:attachment":[{"href":"https:\/\/villagrandekalkan.com\/de\/wp-json\/wp\/v2\/media?parent=40446"}],"curies":[{"name":"wp","href":"https:\/\/api.w.org\/{rel}","templated":true}]}}