{"id":40454,"date":"2025-02-11T14:39:43","date_gmt":"2025-02-11T14:39:43","guid":{"rendered":"https:\/\/villagrandekalkan.com\/?page_id=40454"},"modified":"2025-02-11T14:40:23","modified_gmt":"2025-02-11T14:40:23","slug":"odeme-sayfasi","status":"publish","type":"page","link":"https:\/\/villagrandekalkan.com\/ru\/odeme-sayfasi\/","title":{"rendered":"\u00d6deme Sayfas\u0131"},"content":{"rendered":"<div data-elementor-type=\"wp-page\" data-elementor-id=\"40454\" class=\"elementor elementor-40454\">\n\t\t\t\t<div class=\"elementor-element elementor-element-5b308c220 e-flex e-con-boxed wpr-particle-no wpr-jarallax-no wpr-parallax-no wpr-sticky-section-no e-con e-parent\" data-id=\"5b308c220\" data-element_type=\"container\">\n\t\t\t\t\t<div class=\"e-con-inner\">\n\t\t\t\t<div class=\"elementor-element elementor-element-7e64f55b elementor-widget elementor-widget-heading\" data-id=\"7e64f55b\" data-element_type=\"widget\" data-widget_type=\"heading.default\">\n\t\t\t\t<div class=\"elementor-widget-container\">\n\t\t\t\t\t<h2 class=\"elementor-heading-title elementor-size-default\">Checkout<\/h2>\t\t\t\t<\/div>\n\t\t\t\t<\/div>\n\t\t\t\t<div class=\"elementor-element elementor-element-494c11d3 elementor-widget elementor-widget-text-editor\" data-id=\"494c11d3\" data-element_type=\"widget\" data-widget_type=\"text-editor.default\">\n\t\t\t\t<div class=\"elementor-widget-container\">\n\t\t\t\t\t\t\t\t\t<p>Debating me breeding be answered.<\/p>\t\t\t\t\t\t\t\t<\/div>\n\t\t\t\t<\/div>\n\t\t\t\t<div class=\"elementor-element elementor-element-62aad0ae wpr-checkout-horizontal elementor-widget elementor-widget-wpr-page-checkout\" data-id=\"62aad0ae\" data-element_type=\"widget\" data-widget_type=\"wpr-page-checkout.default\">\n\t\t\t\t<div class=\"elementor-widget-container\">\n\t\t\t\t\t<div class=\"woocommerce\"><div class=\"woocommerce-notices-wrapper\"><\/div><\/div>\t\t\t\t<\/div>\n\t\t\t\t<\/div>\n\t\t\t\t\t<\/div>\n\t\t\t\t<\/div>\n\t\t\t\t<\/div>","protected":false},"excerpt":{"rendered":"<p>Checkout Debating me breeding be answered. Kuponunuz var m\u0131? Kupon kodunuzu girmek i\u00e7in buraya t\u0131klay\u0131n Kupon kodunuz varsa l\u00fctfen a\u015fa\u011f\u0131 girin. Kupon: Kupon kullan Fatura detaylar\u0131 Ad&nbsp;* Soyad&nbsp;* Telefon&nbsp;* E-posta adresi&nbsp;* Ek bilgi Sipari\u015finizle ilgili notlar&nbsp;(iste\u011fe ba\u011fl\u0131) Sipari\u015finiz \u00dcr\u00fcn Ara Toplam Payment for Invoice 40443 , Booking 40441, Name: Villa Grande, Period: itibaren \u015eubat 25, 2025 i\u00e7in \u015eubat 28, 2025&nbsp; &times;&nbsp;1 &#8378;5.400,00 Ara Toplam &#8378;5.400,00 Toplam &#8378;5.400,00 Banka havalesi\/EFT \u00d6demenizi do\u011frudan banka hesab\u0131m\u0131za yap\u0131n\u0131z. L\u00fctfen ilgili Sipari\u015f Numaras\u0131n\u0131 \u00f6demenizin a\u00e7\u0131klama k\u0131sm\u0131na yaz\u0131n\u0131z. \u00d6demeniz onaylanmad\u0131k\u00e7a sipari\u015finiz g\u00f6nderilmeyecektir. Web taray\u0131c\u0131n\u0131z JavaScripti desteklemiyor yada taray\u0131c\u0131n\u0131z\u0131n bu \u00f6zelli\u011fi kapal\u0131. L\u00fctfen, sipari\u015f vermeden \u00f6nce Toplamlar\u0131 G\u00fcncelle d\u00fc\u011fmesine t\u0131klay\u0131n. Bunu yapmazsan\u0131z yukar\u0131da g\u00f6r\u00fclen sipari\u015f toplam\u0131ndan farkl\u0131 bir \u00fccret \u00f6demeniz s\u00f6z konusu olabilir. Toplamlar\u0131 g\u00fcncelle Sipari\u015fi onayla<\/p>","protected":false},"author":1,"featured_media":0,"parent":0,"menu_order":0,"comment_status":"closed","ping_status":"closed","template":"elementor_header_footer","meta":{"inline_featured_image":false,"pgc_sgb_lightbox_settings":"","footnotes":""},"class_list":["post-40454","page","type-page","status-publish","hentry"],"_links":{"self":[{"href":"https:\/\/villagrandekalkan.com\/ru\/wp-json\/wp\/v2\/pages\/40454","targetHints":{"allow":["GET"]}}],"collection":[{"href":"https:\/\/villagrandekalkan.com\/ru\/wp-json\/wp\/v2\/pages"}],"about":[{"href":"https:\/\/villagrandekalkan.com\/ru\/wp-json\/wp\/v2\/types\/page"}],"author":[{"embeddable":true,"href":"https:\/\/villagrandekalkan.com\/ru\/wp-json\/wp\/v2\/users\/1"}],"replies":[{"embeddable":true,"href":"https:\/\/villagrandekalkan.com\/ru\/wp-json\/wp\/v2\/comments?post=40454"}],"version-history":[{"count":0,"href":"https:\/\/villagrandekalkan.com\/ru\/wp-json\/wp\/v2\/pages\/40454\/revisions"}],"wp:attachment":[{"href":"https:\/\/villagrandekalkan.com\/ru\/wp-json\/wp\/v2\/media?parent=40454"}],"curies":[{"name":"wp","href":"https:\/\/api.w.org\/{rel}","templated":true}]}}