{"id":41007,"date":"2025-02-15T07:15:20","date_gmt":"2025-02-15T07:15:20","guid":{"rendered":"https:\/\/villagrandekalkan.com\/?page_id=41007"},"modified":"2025-02-15T07:15:20","modified_gmt":"2025-02-15T07:15:20","slug":"organizasyon-ve-transferler","status":"publish","type":"page","link":"https:\/\/villagrandekalkan.com\/ru\/organizasyon-ve-transferler\/","title":{"rendered":"Organizasyon ve Transferler"},"content":{"rendered":"<div data-elementor-type=\"wp-page\" data-elementor-id=\"41007\" class=\"elementor elementor-41007\">\n\t\t\t\t\t\t<section class=\"elementor-section elementor-top-section elementor-element elementor-element-8cd2364 elementor-section-boxed elementor-section-height-default elementor-section-height-default wpr-particle-no wpr-jarallax-no wpr-parallax-no wpr-sticky-section-no\" data-id=\"8cd2364\" data-element_type=\"section\" data-settings=\"{&quot;background_background&quot;:&quot;classic&quot;,&quot;shape_divider_bottom&quot;:&quot;triangle&quot;,&quot;shape_divider_bottom_negative&quot;:&quot;yes&quot;,&quot;shape_divider_top&quot;:&quot;curve&quot;}\">\n\t\t\t\t\t\t\t<div class=\"elementor-background-overlay\"><\/div>\n\t\t\t\t\t\t<div class=\"elementor-shape elementor-shape-top\" aria-hidden=\"true\" data-negative=\"false\">\n\t\t\t<svg xmlns=\"http:\/\/www.w3.org\/2000\/svg\" viewbox=\"0 0 1000 100\" preserveaspectratio=\"none\">\n    <path class=\"elementor-shape-fill\" d=\"M1000,4.3V0H0v4.3C0.9,23.1,126.7,99.2,500,100S1000,22.7,1000,4.3z\"\/>\n<\/svg>\t\t<\/div>\n\t\t\t\t<div class=\"elementor-shape elementor-shape-bottom\" aria-hidden=\"true\" data-negative=\"true\">\n\t\t\t<svg xmlns=\"http:\/\/www.w3.org\/2000\/svg\" viewbox=\"0 0 1000 100\" preserveaspectratio=\"none\">\n\t<path class=\"elementor-shape-fill\" d=\"M500.2,94.7L0,0v100h1000V0L500.2,94.7z\"\/>\n<\/svg>\t\t<\/div>\n\t\t\t\t\t<div class=\"elementor-container elementor-column-gap-default\">\n\t\t\t\t\t<div class=\"elementor-column elementor-col-100 elementor-top-column elementor-element elementor-element-6208766 elementor-invisible\" data-id=\"6208766\" data-element_type=\"column\" data-settings=\"{&quot;animation&quot;:&quot;fadeIn&quot;}\">\n\t\t\t<div class=\"elementor-widget-wrap elementor-element-populated\">\n\t\t\t\t\t\t<div class=\"elementor-element elementor-element-a712948 elementor-widget elementor-widget-heading\" data-id=\"a712948\" data-element_type=\"widget\" data-widget_type=\"heading.default\">\n\t\t\t\t<div class=\"elementor-widget-container\">\n\t\t\t\t\t<h2 class=\"elementor-heading-title elementor-size-default\">\u0412\u0418\u041b\u041b\u0410 \u0413\u0420\u0410\u041d\u0414\u0415 \u041a\u0410\u041b\u041a\u0410\u041d<\/h2>\t\t\t\t<\/div>\n\t\t\t\t<\/div>\n\t\t\t\t<div class=\"elementor-element elementor-element-115bb8b elementor-widget elementor-widget-heading\" data-id=\"115bb8b\" data-element_type=\"widget\" data-widget_type=\"heading.default\">\n\t\t\t\t<div class=\"elementor-widget-container\">\n\t\t\t\t\t<h2 class=\"elementor-heading-title elementor-size-default\">\u0410\u044d\u0440\u043e\u043f\u043e\u0440\u0442\u044b \u0438 \u0442\u0440\u0430\u043d\u0441\u043f\u043e\u0440\u0442<\/h2>\t\t\t\t<\/div>\n\t\t\t\t<\/div>\n\t\t\t\t<div class=\"elementor-element elementor-element-0509acb elementor-widget elementor-widget-text-editor\" data-id=\"0509acb\" data-element_type=\"widget\" data-widget_type=\"text-editor.default\">\n\t\t\t\t<div class=\"elementor-widget-container\">\n\t\t\t\t\t\t\t\t\t<p data-start=\"37\" data-end=\"172\">Villa Grande, Antalya\u2019n\u0131n Kalkan b\u00f6lgesinde yer almakta olup, Dalaman ve Antalya havalimanlar\u0131ndan kolayca ula\u015f\u0131m sa\u011flanabilmektedir.<\/p><p data-start=\"174\" data-end=\"219\"><strong data-start=\"174\" data-end=\"217\">Dalaman Havaliman\u0131 (DLM) &#8211; Villa Grande<\/strong><\/p><p>Mesafe: Yakla\u015f\u0131k <strong data-start=\"239\" data-end=\"249\">120 km<\/strong><\/p><p>Yolculuk S\u00fcresi: <strong data-start=\"271\" data-end=\"291\">1 saat 45 dakika<\/strong> (\u00d6zel ara\u00e7 veya transfer ile)<\/p><p data-start=\"325\" data-end=\"370\"><strong data-start=\"325\" data-end=\"368\">Antalya Havaliman\u0131 (AYT) &#8211; Villa Grande<\/strong><\/p><p>Mesafe: Yakla\u015f\u0131k <strong data-start=\"390\" data-end=\"400\">210 km<\/strong><\/p><p>Yolculuk S\u00fcresi: <strong data-start=\"422\" data-end=\"432\">3 saat<\/strong> (\u00d6zel ara\u00e7 veya transfer ile)<\/p><p data-start=\"466\" data-end=\"731\" data-is-last-node=\"\">Her iki havaliman\u0131ndan da \u00f6zel transfer, taksi veya ara\u00e7 kiralama se\u00e7enekleri mevcuttur. Dalaman Havaliman\u0131, mesafe a\u00e7\u0131s\u0131ndan daha yak\u0131n oldu\u011fu i\u00e7in genellikle tercih edilen bir se\u00e7enektir. Antalya Havaliman\u0131 ise daha fazla u\u00e7u\u015f alternatifi sunmas\u0131yla avantajl\u0131d\u0131r.<\/p>\t\t\t\t\t\t\t\t<\/div>\n\t\t\t\t<\/div>\n\t\t\t\t\t<\/div>\n\t\t<\/div>\n\t\t\t\t\t<\/div>\n\t\t<\/section>\n\t\t<div class=\"elementor-element elementor-element-6cc151e e-flex e-con-boxed wpr-particle-no wpr-jarallax-no wpr-parallax-no wpr-sticky-section-no e-con e-parent\" data-id=\"6cc151e\" data-element_type=\"container\">\n\t\t\t\t\t<div class=\"e-con-inner\">\n\t\t<div class=\"elementor-element elementor-element-588331a e-grid e-con-full wpr-particle-no wpr-jarallax-no wpr-parallax-no wpr-sticky-section-no e-con e-child\" data-id=\"588331a\" data-element_type=\"container\">\n\t\t\t\t<div class=\"elementor-element elementor-element-2dfda20 elementor-position-left elementor-widget-mobile__width-initial elementor-view-default elementor-mobile-position-top elementor-widget elementor-widget-icon-box\" data-id=\"2dfda20\" data-element_type=\"widget\" data-widget_type=\"icon-box.default\">\n\t\t\t\t<div class=\"elementor-widget-container\">\n\t\t\t\t\t\t\t<div class=\"elementor-icon-box-wrapper\">\n\n\t\t\t\t\t\t<div class=\"elementor-icon-box-icon\">\n\t\t\t\t<span  class=\"elementor-icon\">\n\t\t\t\t<svg xmlns=\"http:\/\/www.w3.org\/2000\/svg\" xmlns:xlink=\"http:\/\/www.w3.org\/1999\/xlink\" width=\"100\" viewbox=\"0 0 75 74.999997\" height=\"100\" preserveaspectratio=\"xMidYMid meet\"><defs><clippath id=\"fc9f91de19\"><path d=\"M 1.460938 1.460938 L 73.539062 1.460938 L 73.539062 73.539062 L 1.460938 73.539062 Z M 1.460938 1.460938 \" clip-rule=\"nonzero\"><\/path><\/clippath><clippath id=\"a3b7d24cf4\"><path d=\"M 37.5 1.460938 C 17.597656 1.460938 1.460938 17.597656 1.460938 37.5 C 1.460938 57.402344 17.597656 73.539062 37.5 73.539062 C 57.402344 73.539062 73.539062 57.402344 73.539062 37.5 C 73.539062 17.597656 57.402344 1.460938 37.5 1.460938 Z M 37.5 1.460938 \" clip-rule=\"nonzero\"><\/path><\/clippath><\/defs><rect x=\"-7.5\" width=\"90\" fill=\"#ffffff\" y=\"-7.5\" height=\"89.999996\" fill-opacity=\"1\"><\/rect><rect x=\"-7.5\" width=\"90\" fill=\"#ffffff\" y=\"-7.5\" height=\"89.999996\" fill-opacity=\"1\"><\/rect><g clip-path=\"url(#fc9f91de19)\"><g clip-path=\"url(#a3b7d24cf4)\"><path fill=\"#e8643c\" d=\"M 1.460938 1.460938 L 73.539062 1.460938 L 73.539062 73.539062 L 1.460938 73.539062 Z M 1.460938 1.460938 \" fill-opacity=\"1\" fill-rule=\"nonzero\"><\/path><\/g><\/g><\/svg>\t\t\t\t<\/span>\n\t\t\t<\/div>\n\t\t\t\n\t\t\t\t\t\t<div class=\"elementor-icon-box-content\">\n\n\t\t\t\t\t\t\t\t\t<h3 class=\"elementor-icon-box-title\">\n\t\t\t\t\t\t<span  >\n\t\t\t\t\t\t\t\u0410\u044d\u0440\u043e\u043f\u043e\u0440\u0442 \u0414\u0430\u043b\u0430\u043c\u0430\u043d (DLM)\t\t\t\t\t\t<\/span>\n\t\t\t\t\t<\/h3>\n\t\t\t\t\n\t\t\t\t\t\t\t\t\t<p class=\"elementor-icon-box-description\">\n\t\t\t\t\t\t120 km\/ 1 saat 45 dakika\t\t\t\t\t<\/p>\n\t\t\t\t\n\t\t\t<\/div>\n\t\t\t\n\t\t<\/div>\n\t\t\t\t\t\t<\/div>\n\t\t\t\t<\/div>\n\t\t\t\t<div class=\"elementor-element elementor-element-34d7ff8 elementor-position-left elementor-widget-mobile__width-initial elementor-view-default elementor-mobile-position-top elementor-widget elementor-widget-icon-box\" data-id=\"34d7ff8\" data-element_type=\"widget\" data-widget_type=\"icon-box.default\">\n\t\t\t\t<div class=\"elementor-widget-container\">\n\t\t\t\t\t\t\t<div class=\"elementor-icon-box-wrapper\">\n\n\t\t\t\t\t\t<div class=\"elementor-icon-box-icon\">\n\t\t\t\t<span  class=\"elementor-icon\">\n\t\t\t\t<svg xmlns=\"http:\/\/www.w3.org\/2000\/svg\" xmlns:xlink=\"http:\/\/www.w3.org\/1999\/xlink\" width=\"100\" viewbox=\"0 0 75 74.999997\" height=\"100\" preserveaspectratio=\"xMidYMid meet\"><defs><clippath id=\"325de014c2\"><path d=\"M 1.460938 1.460938 L 73.539062 1.460938 L 73.539062 73.539062 L 1.460938 73.539062 Z M 1.460938 1.460938 \" clip-rule=\"nonzero\"><\/path><\/clippath><clippath id=\"44f62e332b\"><path d=\"M 37.5 1.460938 C 17.597656 1.460938 1.460938 17.597656 1.460938 37.5 C 1.460938 57.402344 17.597656 73.539062 37.5 73.539062 C 57.402344 73.539062 73.539062 57.402344 73.539062 37.5 C 73.539062 17.597656 57.402344 1.460938 37.5 1.460938 Z M 37.5 1.460938 \" clip-rule=\"nonzero\"><\/path><\/clippath><\/defs><rect x=\"-7.5\" width=\"90\" fill=\"#ffffff\" y=\"-7.5\" height=\"89.999996\" fill-opacity=\"1\"><\/rect><rect x=\"-7.5\" width=\"90\" fill=\"#ffffff\" y=\"-7.5\" height=\"89.999996\" fill-opacity=\"1\"><\/rect><g clip-path=\"url(#325de014c2)\"><g clip-path=\"url(#44f62e332b)\"><path fill=\"#00bf63\" d=\"M 1.460938 1.460938 L 73.539062 1.460938 L 73.539062 73.539062 L 1.460938 73.539062 Z M 1.460938 1.460938 \" fill-opacity=\"1\" fill-rule=\"nonzero\"><\/path><\/g><\/g><\/svg>\t\t\t\t<\/span>\n\t\t\t<\/div>\n\t\t\t\n\t\t\t\t\t\t<div class=\"elementor-icon-box-content\">\n\n\t\t\t\t\t\t\t\t\t<h3 class=\"elementor-icon-box-title\">\n\t\t\t\t\t\t<span  >\n\t\t\t\t\t\t\tVilla GrandeKalkan\t\t\t\t\t\t<\/span>\n\t\t\t\t\t<\/h3>\n\t\t\t\t\n\t\t\t\t\t\t\t\t\t<p class=\"elementor-icon-box-description\">\n\t\t\t\t\t\t Kalkan \/ Ka\u015f \/ Antalya\t\t\t\t\t<\/p>\n\t\t\t\t\n\t\t\t<\/div>\n\t\t\t\n\t\t<\/div>\n\t\t\t\t\t\t<\/div>\n\t\t\t\t<\/div>\n\t\t\t\t<div class=\"elementor-element elementor-element-09c1e2e elementor-position-left elementor-widget-mobile__width-initial elementor-view-default elementor-mobile-position-top elementor-widget elementor-widget-icon-box\" data-id=\"09c1e2e\" data-element_type=\"widget\" data-widget_type=\"icon-box.default\">\n\t\t\t\t<div class=\"elementor-widget-container\">\n\t\t\t\t\t\t\t<div class=\"elementor-icon-box-wrapper\">\n\n\t\t\t\t\t\t<div class=\"elementor-icon-box-icon\">\n\t\t\t\t<span  class=\"elementor-icon\">\n\t\t\t\t<svg xmlns=\"http:\/\/www.w3.org\/2000\/svg\" xmlns:xlink=\"http:\/\/www.w3.org\/1999\/xlink\" width=\"100\" viewbox=\"0 0 75 74.999997\" height=\"100\" preserveaspectratio=\"xMidYMid meet\"><defs><clippath id=\"fc9f91de19\"><path d=\"M 1.460938 1.460938 L 73.539062 1.460938 L 73.539062 73.539062 L 1.460938 73.539062 Z M 1.460938 1.460938 \" clip-rule=\"nonzero\"><\/path><\/clippath><clippath id=\"a3b7d24cf4\"><path d=\"M 37.5 1.460938 C 17.597656 1.460938 1.460938 17.597656 1.460938 37.5 C 1.460938 57.402344 17.597656 73.539062 37.5 73.539062 C 57.402344 73.539062 73.539062 57.402344 73.539062 37.5 C 73.539062 17.597656 57.402344 1.460938 37.5 1.460938 Z M 37.5 1.460938 \" clip-rule=\"nonzero\"><\/path><\/clippath><\/defs><rect x=\"-7.5\" width=\"90\" fill=\"#ffffff\" y=\"-7.5\" height=\"89.999996\" fill-opacity=\"1\"><\/rect><rect x=\"-7.5\" width=\"90\" fill=\"#ffffff\" y=\"-7.5\" height=\"89.999996\" fill-opacity=\"1\"><\/rect><g clip-path=\"url(#fc9f91de19)\"><g clip-path=\"url(#a3b7d24cf4)\"><path fill=\"#e8643c\" d=\"M 1.460938 1.460938 L 73.539062 1.460938 L 73.539062 73.539062 L 1.460938 73.539062 Z M 1.460938 1.460938 \" fill-opacity=\"1\" fill-rule=\"nonzero\"><\/path><\/g><\/g><\/svg>\t\t\t\t<\/span>\n\t\t\t<\/div>\n\t\t\t\n\t\t\t\t\t\t<div class=\"elementor-icon-box-content\">\n\n\t\t\t\t\t\t\t\t\t<h3 class=\"elementor-icon-box-title\">\n\t\t\t\t\t\t<span  >\n\t\t\t\t\t\t\t\u0410\u044d\u0440\u043e\u043f\u043e\u0440\u0442 \u0410\u043d\u0442\u0430\u043b\u0438\u0438 (AYT)\t\t\t\t\t\t<\/span>\n\t\t\t\t\t<\/h3>\n\t\t\t\t\n\t\t\t\t\t\t\t\t\t<p class=\"elementor-icon-box-description\">\n\t\t\t\t\t\t210 km \/ 3 Saat\t\t\t\t\t<\/p>\n\t\t\t\t\n\t\t\t<\/div>\n\t\t\t\n\t\t<\/div>\n\t\t\t\t\t\t<\/div>\n\t\t\t\t<\/div>\n\t\t\t\t<\/div>\n\t\t\t\t\t<\/div>\n\t\t\t\t<\/div>\n\t\t<div class=\"elementor-element elementor-element-e2526e9 e-flex e-con-boxed wpr-particle-no wpr-jarallax-no wpr-parallax-no wpr-sticky-section-no e-con e-parent\" data-id=\"e2526e9\" data-element_type=\"container\">\n\t\t\t\t\t<div class=\"e-con-inner\">\n\t\t\t\t<div class=\"elementor-element elementor-element-6a8b63a elementor-widget elementor-widget-html\" data-id=\"6a8b63a\" data-element_type=\"widget\" data-widget_type=\"html.default\">\n\t\t\t\t<div class=\"elementor-widget-container\">\n\t\t\t\t\t<iframe src=\"https:\/\/www.google.com\/maps\/d\/u\/6\/embed?mid=1ethsBuudampxmSTzklKy4FdwEiLR0Ew&ehbc=2E312F\" width=\"640\" height=\"480\"><\/iframe>\t\t\t\t<\/div>\n\t\t\t\t<\/div>\n\t\t\t\t\t<\/div>\n\t\t\t\t<\/div>\n\t\t\t\t<\/div>","protected":false},"excerpt":{"rendered":"<p>V\u0130LLA GRANDE KALKAN Havalimanlar\u0131 ve Ula\u015f\u0131m Villa Grande, Antalya\u2019n\u0131n Kalkan b\u00f6lgesinde yer almakta olup, Dalaman ve Antalya havalimanlar\u0131ndan kolayca ula\u015f\u0131m sa\u011flanabilmektedir. Dalaman Havaliman\u0131 (DLM) &#8211; Villa Grande Mesafe: Yakla\u015f\u0131k 120 km Yolculuk S\u00fcresi: 1 saat 45 dakika (\u00d6zel ara\u00e7 veya transfer ile) Antalya Havaliman\u0131 (AYT) &#8211; Villa Grande Mesafe: Yakla\u015f\u0131k 210 km Yolculuk S\u00fcresi: 3 saat (\u00d6zel ara\u00e7 veya transfer ile) Her iki havaliman\u0131ndan da \u00f6zel transfer, taksi veya ara\u00e7 kiralama se\u00e7enekleri mevcuttur. Dalaman Havaliman\u0131, mesafe a\u00e7\u0131s\u0131ndan daha yak\u0131n oldu\u011fu i\u00e7in genellikle tercih edilen bir se\u00e7enektir. Antalya Havaliman\u0131 ise daha fazla u\u00e7u\u015f alternatifi sunmas\u0131yla avantajl\u0131d\u0131r. Dalaman Havaliman\u0131 (DLM) 120 km\/ 1 saat 45 dakika Villa GrandeKalkan Kalkan \/ Ka\u015f \/ Antalya Antalya Havaliman\u0131 (AYT) 210 km \/ 3 Saat<\/p>","protected":false},"author":1,"featured_media":0,"parent":0,"menu_order":0,"comment_status":"closed","ping_status":"closed","template":"elementor_header_footer","meta":{"inline_featured_image":false,"pgc_sgb_lightbox_settings":"","footnotes":""},"class_list":["post-41007","page","type-page","status-publish","hentry"],"_links":{"self":[{"href":"https:\/\/villagrandekalkan.com\/ru\/wp-json\/wp\/v2\/pages\/41007","targetHints":{"allow":["GET"]}}],"collection":[{"href":"https:\/\/villagrandekalkan.com\/ru\/wp-json\/wp\/v2\/pages"}],"about":[{"href":"https:\/\/villagrandekalkan.com\/ru\/wp-json\/wp\/v2\/types\/page"}],"author":[{"embeddable":true,"href":"https:\/\/villagrandekalkan.com\/ru\/wp-json\/wp\/v2\/users\/1"}],"replies":[{"embeddable":true,"href":"https:\/\/villagrandekalkan.com\/ru\/wp-json\/wp\/v2\/comments?post=41007"}],"version-history":[{"count":0,"href":"https:\/\/villagrandekalkan.com\/ru\/wp-json\/wp\/v2\/pages\/41007\/revisions"}],"wp:attachment":[{"href":"https:\/\/villagrandekalkan.com\/ru\/wp-json\/wp\/v2\/media?parent=41007"}],"curies":[{"name":"wp","href":"https:\/\/api.w.org\/{rel}","templated":true}]}}