{"id":41513,"date":"2025-02-20T10:40:07","date_gmt":"2025-02-20T10:40:07","guid":{"rendered":"https:\/\/villagrandekalkan.com\/?page_id=41513"},"modified":"2025-03-09T11:49:28","modified_gmt":"2025-03-09T11:49:28","slug":"karayolu-ile-ulasim","status":"publish","type":"page","link":"https:\/\/villagrandekalkan.com\/ru\/karayolu-ile-ulasim\/","title":{"rendered":"\u0410\u0432\u0442\u043e\u043c\u043e\u0431\u0438\u043b\u044c\u043d\u044b\u0439 \u0442\u0440\u0430\u043d\u0441\u043f\u043e\u0440\u0442"},"content":{"rendered":"<div data-elementor-type=\"wp-page\" data-elementor-id=\"41513\" class=\"elementor elementor-41513\">\n\t\t\t\t\t\t<section class=\"elementor-section elementor-top-section elementor-element elementor-element-8cd2364 elementor-section-boxed elementor-section-height-default elementor-section-height-default wpr-particle-no wpr-jarallax-no wpr-parallax-no wpr-sticky-section-no\" data-id=\"8cd2364\" data-element_type=\"section\" data-settings=\"{&quot;background_background&quot;:&quot;classic&quot;,&quot;shape_divider_bottom&quot;:&quot;triangle&quot;,&quot;shape_divider_bottom_negative&quot;:&quot;yes&quot;,&quot;shape_divider_top&quot;:&quot;curve&quot;}\">\n\t\t\t\t\t\t\t<div class=\"elementor-background-overlay\"><\/div>\n\t\t\t\t\t\t<div class=\"elementor-shape elementor-shape-top\" aria-hidden=\"true\" data-negative=\"false\">\n\t\t\t<svg xmlns=\"http:\/\/www.w3.org\/2000\/svg\" viewbox=\"0 0 1000 100\" preserveaspectratio=\"none\">\n    <path class=\"elementor-shape-fill\" d=\"M1000,4.3V0H0v4.3C0.9,23.1,126.7,99.2,500,100S1000,22.7,1000,4.3z\"\/>\n<\/svg>\t\t<\/div>\n\t\t\t\t<div class=\"elementor-shape elementor-shape-bottom\" aria-hidden=\"true\" data-negative=\"true\">\n\t\t\t<svg xmlns=\"http:\/\/www.w3.org\/2000\/svg\" viewbox=\"0 0 1000 100\" preserveaspectratio=\"none\">\n\t<path class=\"elementor-shape-fill\" d=\"M500.2,94.7L0,0v100h1000V0L500.2,94.7z\"\/>\n<\/svg>\t\t<\/div>\n\t\t\t\t\t<div class=\"elementor-container elementor-column-gap-default\">\n\t\t\t\t\t<div class=\"elementor-column elementor-col-100 elementor-top-column elementor-element elementor-element-6208766 elementor-invisible\" data-id=\"6208766\" data-element_type=\"column\" data-settings=\"{&quot;animation&quot;:&quot;fadeIn&quot;}\">\n\t\t\t<div class=\"elementor-widget-wrap elementor-element-populated\">\n\t\t\t\t\t\t<div class=\"elementor-element elementor-element-a712948 elementor-widget elementor-widget-heading\" data-id=\"a712948\" data-element_type=\"widget\" data-widget_type=\"heading.default\">\n\t\t\t\t<div class=\"elementor-widget-container\">\n\t\t\t\t\t<h2 class=\"elementor-heading-title elementor-size-default\">\u0412\u0418\u041b\u041b\u0410 \u0413\u0420\u0410\u041d\u0414\u0415 \u041a\u0410\u041b\u041a\u0410\u041d<\/h2>\t\t\t\t<\/div>\n\t\t\t\t<\/div>\n\t\t\t\t<div class=\"elementor-element elementor-element-115bb8b elementor-widget elementor-widget-heading\" data-id=\"115bb8b\" data-element_type=\"widget\" data-widget_type=\"heading.default\">\n\t\t\t\t<div class=\"elementor-widget-container\">\n\t\t\t\t\t<h2 class=\"elementor-heading-title elementor-size-default\">\u0410\u0432\u0442\u043e\u043c\u043e\u0431\u0438\u043b\u044c\u043d\u044b\u0439 \u0442\u0440\u0430\u043d\u0441\u043f\u043e\u0440\u0442<\/h2>\t\t\t\t<\/div>\n\t\t\t\t<\/div>\n\t\t\t\t<div class=\"elementor-element elementor-element-0509acb elementor-widget elementor-widget-text-editor\" data-id=\"0509acb\" data-element_type=\"widget\" data-widget_type=\"text-editor.default\">\n\t\t\t\t<div class=\"elementor-widget-container\">\n\t\t\t\t\t\t\t\t\t<p data-start=\"37\" data-end=\"172\">\u0412\u0438\u043b\u043b\u0430 Grande Kalkan \u0440\u0430\u0441\u043f\u043e\u043b\u043e\u0436\u0435\u043d\u0430 \u0432 \u0433\u0440\u0430\u043d\u0438\u0446\u0430\u0445 \u0410\u043d\u0442\u0430\u043b\u0438\u0438.<\/p>\t\t\t\t\t\t\t\t<\/div>\n\t\t\t\t<\/div>\n\t\t\t\t\t<\/div>\n\t\t<\/div>\n\t\t\t\t\t<\/div>\n\t\t<\/section>\n\t\t<div class=\"elementor-element elementor-element-3080d96 e-grid e-con-boxed wpr-particle-no wpr-jarallax-no wpr-parallax-no wpr-sticky-section-no e-con e-parent\" data-id=\"3080d96\" data-element_type=\"container\">\n\t\t\t\t\t<div class=\"e-con-inner\">\n\t\t<div class=\"elementor-element elementor-element-2c30392 e-con-full e-flex wpr-particle-no wpr-jarallax-no wpr-parallax-no wpr-sticky-section-no e-con e-child\" data-id=\"2c30392\" data-element_type=\"container\" data-settings=\"{&quot;background_background&quot;:&quot;classic&quot;}\">\n\t\t\t\t<div class=\"elementor-element elementor-element-9c83e61 elementor-position-left elementor-widget-mobile__width-initial elementor-view-default elementor-mobile-position-top elementor-widget elementor-widget-icon-box\" data-id=\"9c83e61\" data-element_type=\"widget\" data-widget_type=\"icon-box.default\">\n\t\t\t\t<div class=\"elementor-widget-container\">\n\t\t\t\t\t\t\t<div class=\"elementor-icon-box-wrapper\">\n\n\t\t\t\t\t\t<div class=\"elementor-icon-box-icon\">\n\t\t\t\t<span  class=\"elementor-icon\">\n\t\t\t\t<i aria-hidden=\"true\" class=\"icon icon-arrows\"><\/i>\t\t\t\t<\/span>\n\t\t\t<\/div>\n\t\t\t\n\t\t\t\t\t\t<div class=\"elementor-icon-box-content\">\n\n\t\t\t\t\t\t\t\t\t<h3 class=\"elementor-icon-box-title\">\n\t\t\t\t\t\t<span  >\n\t\t\t\t\t\t\t\u0130stanbul\t\t\t\t\t\t<\/span>\n\t\t\t\t\t<\/h3>\n\t\t\t\t\n\t\t\t\t\t\t\t\t\t<p class=\"elementor-icon-box-description\">\n\t\t\t\t\t\t\u0412\u0438\u043b\u043b\u0430 \u0413\u0440\u0430\u043d\u0434\u0435 \u041a\u0430\u043b\u043a\u0430\u043d\t\t\t\t\t<\/p>\n\t\t\t\t\n\t\t\t<\/div>\n\t\t\t\n\t\t<\/div>\n\t\t\t\t\t\t<\/div>\n\t\t\t\t<\/div>\n\t\t\t\t<div class=\"elementor-element elementor-element-07ad8d5 wpr-feature-list-left wpr-feature-list-square wpr-feature-list-line-yes elementor-widget elementor-widget-wpr-feature-list\" data-id=\"07ad8d5\" data-element_type=\"widget\" data-widget_type=\"wpr-feature-list.default\">\n\t\t\t\t<div class=\"elementor-widget-container\">\n\t\t\t\t\t<div class=\"wpr-feature-list-wrap\"><ul class=\"wpr-feature-list\"><li class=\"wpr-feature-list-item elementor-repeater-item-c7e72ad\"><div class=\"wpr-feature-list-icon-wrap\"><span class=\"wpr-feature-list-line\"><\/span><div class=\"wpr-feature-list-icon-inner-wrap\"><i aria-hidden=\"true\" class=\"icon icon-cityscape\"><\/i><\/div><\/div><div class=\"wpr-feature-list-content-wrap\"><h2 class=\"wpr-feature-list-title\"><a class=\"wpr-feature-list-url\" target=\"_blank\" rel=\"nofollow\">\u0130stanbul<\/a><\/h2><p class=\"wpr-feature-list-description\"><\/p><\/div><\/li><li class=\"wpr-feature-list-item elementor-repeater-item-f664ce5\"><div class=\"wpr-feature-list-icon-wrap\"><span class=\"wpr-feature-list-line\"><\/span><div class=\"wpr-feature-list-icon-inner-wrap\"><i aria-hidden=\"true\" class=\"icon icon-car-1\"><\/i><\/div><\/div><div class=\"wpr-feature-list-content-wrap\"><h2 class=\"wpr-feature-list-title\"><a class=\"wpr-feature-list-url\" target=\"_blank\" rel=\"nofollow\"><\/a><\/h2><p class=\"wpr-feature-list-description\">\u041f\u0443\u0442\u0435\u0448\u0435\u0441\u0442\u0432\u0438\u0435, \u043a\u043e\u0442\u043e\u0440\u043e\u0435 \u0437\u0430\u043d\u0438\u043c\u0430\u0435\u0442 \u0432 \u0441\u0440\u0435\u0434\u043d\u0435\u043c \u043e\u0442 9 \u0434\u043e 10 \u0447\u0430\u0441\u043e\u0432 \u0441 \u0440\u0430\u0437\u043b\u0438\u0447\u043d\u044b\u043c\u0438 \u043c\u0430\u0440\u0448\u0440\u0443\u0442\u0430\u043c\u0438 \u0438 \u0440\u0430\u0441\u0441\u0442\u043e\u044f\u043d\u0438\u044f\u043c\u0438 \u043f\u043e \u0448\u043e\u0441\u0441\u0435.<\/p><\/div><\/li><li class=\"wpr-feature-list-item elementor-repeater-item-1d535be\"><div class=\"wpr-feature-list-icon-wrap\"><span class=\"wpr-feature-list-line\"><\/span><div class=\"wpr-feature-list-icon-inner-wrap\"><i aria-hidden=\"true\" class=\"icon icon-home2\"><\/i><\/div><\/div><div class=\"wpr-feature-list-content-wrap\"><h2 class=\"wpr-feature-list-title\"><a class=\"wpr-feature-list-url\" target=\"_blank\" rel=\"nofollow\">\u0412\u0438\u043b\u043b\u0430 \u0413\u0440\u0430\u043d\u0434\u0435 \u041a\u0430\u043b\u043a\u0430\u043d<\/a><\/h2><p class=\"wpr-feature-list-description\"><\/p><\/div><\/li><\/ul><\/div>\t\t\t\t<\/div>\n\t\t\t\t<\/div>\n\t\t\t\t<div class=\"elementor-element elementor-element-d92393f elementor-widget elementor-widget-image\" data-id=\"d92393f\" data-element_type=\"widget\" data-widget_type=\"image.default\">\n\t\t\t\t<div class=\"elementor-widget-container\">\n\t\t\t\t\t\t\t\t\t\t\t\t\t\t\t\t<a href=\"https:\/\/villagrandekalkan.com\/wp-content\/uploads\/2025\/02\/ist.png\" data-elementor-open-lightbox=\"yes\" data-elementor-lightbox-title=\"ist\" data-e-action-hash=\"#elementor-action%3Aaction%3Dlightbox%26settings%3DeyJpZCI6NDE1MTgsInVybCI6Imh0dHBzOlwvXC92aWxsYWdyYW5kZWthbGthbi5jb21cL3dwLWNvbnRlbnRcL3VwbG9hZHNcLzIwMjVcLzAyXC9pc3QucG5nIn0%3D\">\n\t\t\t\t\t\t\t<img fetchpriority=\"high\" decoding=\"async\" width=\"955\" height=\"1024\" src=\"https:\/\/villagrandekalkan.com\/wp-content\/uploads\/2025\/02\/ist-955x1024.png\" class=\"attachment-large size-large wp-image-41518\" alt=\"\" srcset=\"https:\/\/villagrandekalkan.com\/wp-content\/uploads\/2025\/02\/ist-955x1024.png 955w, https:\/\/villagrandekalkan.com\/wp-content\/uploads\/2025\/02\/ist-280x300.png 280w, https:\/\/villagrandekalkan.com\/wp-content\/uploads\/2025\/02\/ist-768x824.png 768w, https:\/\/villagrandekalkan.com\/wp-content\/uploads\/2025\/02\/ist-1432x1536.png 1432w, https:\/\/villagrandekalkan.com\/wp-content\/uploads\/2025\/02\/ist-600x644.png 600w, https:\/\/villagrandekalkan.com\/wp-content\/uploads\/2025\/02\/ist.png 1488w\" sizes=\"(max-width: 955px) 100vw, 955px\" \/>\t\t\t\t\t\t\t\t<\/a>\n\t\t\t\t\t\t\t\t\t\t\t\t\t\t\t<\/div>\n\t\t\t\t<\/div>\n\t\t\t\t<\/div>\n\t\t<div class=\"elementor-element elementor-element-2253144 e-con-full e-flex wpr-particle-no wpr-jarallax-no wpr-parallax-no wpr-sticky-section-no e-con e-child\" data-id=\"2253144\" data-element_type=\"container\" data-settings=\"{&quot;background_background&quot;:&quot;classic&quot;}\">\n\t\t\t\t<div class=\"elementor-element elementor-element-31b5e84 elementor-position-left elementor-widget-mobile__width-initial elementor-view-default elementor-mobile-position-top elementor-widget elementor-widget-icon-box\" data-id=\"31b5e84\" data-element_type=\"widget\" data-widget_type=\"icon-box.default\">\n\t\t\t\t<div class=\"elementor-widget-container\">\n\t\t\t\t\t\t\t<div class=\"elementor-icon-box-wrapper\">\n\n\t\t\t\t\t\t<div class=\"elementor-icon-box-icon\">\n\t\t\t\t<span  class=\"elementor-icon\">\n\t\t\t\t<i aria-hidden=\"true\" class=\"icon icon-arrows\"><\/i>\t\t\t\t<\/span>\n\t\t\t<\/div>\n\t\t\t\n\t\t\t\t\t\t<div class=\"elementor-icon-box-content\">\n\n\t\t\t\t\t\t\t\t\t<h3 class=\"elementor-icon-box-title\">\n\t\t\t\t\t\t<span  >\n\t\t\t\t\t\t\tAnkara\t\t\t\t\t\t<\/span>\n\t\t\t\t\t<\/h3>\n\t\t\t\t\n\t\t\t\t\t\t\t\t\t<p class=\"elementor-icon-box-description\">\n\t\t\t\t\t\t\u0412\u0438\u043b\u043b\u0430 \u0413\u0440\u0430\u043d\u0434\u0435 \u041a\u0430\u043b\u043a\u0430\u043d\t\t\t\t\t<\/p>\n\t\t\t\t\n\t\t\t<\/div>\n\t\t\t\n\t\t<\/div>\n\t\t\t\t\t\t<\/div>\n\t\t\t\t<\/div>\n\t\t\t\t<div class=\"elementor-element elementor-element-5c5a25a wpr-feature-list-left wpr-feature-list-square wpr-feature-list-line-yes elementor-widget elementor-widget-wpr-feature-list\" data-id=\"5c5a25a\" data-element_type=\"widget\" data-widget_type=\"wpr-feature-list.default\">\n\t\t\t\t<div class=\"elementor-widget-container\">\n\t\t\t\t\t<div class=\"wpr-feature-list-wrap\"><ul class=\"wpr-feature-list\"><li class=\"wpr-feature-list-item elementor-repeater-item-c7e72ad\"><div class=\"wpr-feature-list-icon-wrap\"><span class=\"wpr-feature-list-line\"><\/span><div class=\"wpr-feature-list-icon-inner-wrap\"><i aria-hidden=\"true\" class=\"icon icon-cityscape\"><\/i><\/div><\/div><div class=\"wpr-feature-list-content-wrap\"><h2 class=\"wpr-feature-list-title\"><a class=\"wpr-feature-list-url\" target=\"_blank\" rel=\"nofollow\">Ankara<\/a><\/h2><p class=\"wpr-feature-list-description\"><\/p><\/div><\/li><li class=\"wpr-feature-list-item elementor-repeater-item-f664ce5\"><div class=\"wpr-feature-list-icon-wrap\"><span class=\"wpr-feature-list-line\"><\/span><div class=\"wpr-feature-list-icon-inner-wrap\"><i aria-hidden=\"true\" class=\"icon icon-car-1\"><\/i><\/div><\/div><div class=\"wpr-feature-list-content-wrap\"><h2 class=\"wpr-feature-list-title\"><a class=\"wpr-feature-list-url\" target=\"_blank\" rel=\"nofollow\"><\/a><\/h2><p class=\"wpr-feature-list-description\">\u0414\u043e\u0440\u043e\u0436\u043d\u0430\u044f \u043f\u043e\u0435\u0437\u0434\u043a\u0430, \u043a\u043e\u0442\u043e\u0440\u0430\u044f \u0434\u043b\u0438\u0442\u0441\u044f \u0432 \u0441\u0440\u0435\u0434\u043d\u0435\u043c \u043e\u0442 8 \u0434\u043e 9 \u0447\u0430\u0441\u043e\u0432 \u0441 \u0440\u0430\u0437\u043b\u0438\u0447\u043d\u044b\u043c\u0438 \u043c\u0430\u0440\u0448\u0440\u0443\u0442\u0430\u043c\u0438 \u0438 \u0440\u0430\u0441\u0441\u0442\u043e\u044f\u043d\u0438\u044f\u043c\u0438 \u043f\u043e \u0448\u043e\u0441\u0441\u0435.<\/p><\/div><\/li><li class=\"wpr-feature-list-item elementor-repeater-item-1d535be\"><div class=\"wpr-feature-list-icon-wrap\"><span class=\"wpr-feature-list-line\"><\/span><div class=\"wpr-feature-list-icon-inner-wrap\"><i aria-hidden=\"true\" class=\"icon icon-home2\"><\/i><\/div><\/div><div class=\"wpr-feature-list-content-wrap\"><h2 class=\"wpr-feature-list-title\"><a class=\"wpr-feature-list-url\" target=\"_blank\" rel=\"nofollow\">\u0412\u0438\u043b\u043b\u0430 \u0413\u0440\u0430\u043d\u0434\u0435 \u041a\u0430\u043b\u043a\u0430\u043d<\/a><\/h2><p class=\"wpr-feature-list-description\"><\/p><\/div><\/li><\/ul><\/div>\t\t\t\t<\/div>\n\t\t\t\t<\/div>\n\t\t\t\t<div class=\"elementor-element elementor-element-63d3170 elementor-widget elementor-widget-image\" data-id=\"63d3170\" data-element_type=\"widget\" data-widget_type=\"image.default\">\n\t\t\t\t<div class=\"elementor-widget-container\">\n\t\t\t\t\t\t\t\t\t\t\t\t\t\t\t\t<a href=\"https:\/\/villagrandekalkan.com\/wp-content\/uploads\/2025\/02\/ank.png\" data-elementor-open-lightbox=\"yes\" data-elementor-lightbox-title=\"ank\" data-e-action-hash=\"#elementor-action%3Aaction%3Dlightbox%26settings%3DeyJpZCI6NDE1MTcsInVybCI6Imh0dHBzOlwvXC92aWxsYWdyYW5kZWthbGthbi5jb21cL3dwLWNvbnRlbnRcL3VwbG9hZHNcLzIwMjVcLzAyXC9hbmsucG5nIn0%3D\">\n\t\t\t\t\t\t\t<img decoding=\"async\" width=\"955\" height=\"1024\" src=\"https:\/\/villagrandekalkan.com\/wp-content\/uploads\/2025\/02\/ank-955x1024.png\" class=\"attachment-large size-large wp-image-41517\" alt=\"\" srcset=\"https:\/\/villagrandekalkan.com\/wp-content\/uploads\/2025\/02\/ank-955x1024.png 955w, https:\/\/villagrandekalkan.com\/wp-content\/uploads\/2025\/02\/ank-280x300.png 280w, https:\/\/villagrandekalkan.com\/wp-content\/uploads\/2025\/02\/ank-768x824.png 768w, https:\/\/villagrandekalkan.com\/wp-content\/uploads\/2025\/02\/ank-1432x1536.png 1432w, https:\/\/villagrandekalkan.com\/wp-content\/uploads\/2025\/02\/ank-600x644.png 600w, https:\/\/villagrandekalkan.com\/wp-content\/uploads\/2025\/02\/ank.png 1488w\" sizes=\"(max-width: 955px) 100vw, 955px\" \/>\t\t\t\t\t\t\t\t<\/a>\n\t\t\t\t\t\t\t\t\t\t\t\t\t\t\t<\/div>\n\t\t\t\t<\/div>\n\t\t\t\t<\/div>\n\t\t<div class=\"elementor-element elementor-element-2ef0876 e-con-full e-flex wpr-particle-no wpr-jarallax-no wpr-parallax-no wpr-sticky-section-no e-con e-child\" data-id=\"2ef0876\" data-element_type=\"container\" data-settings=\"{&quot;background_background&quot;:&quot;classic&quot;}\">\n\t\t\t\t<div class=\"elementor-element elementor-element-32cc98b elementor-position-left elementor-widget-mobile__width-initial elementor-view-default elementor-mobile-position-top elementor-widget elementor-widget-icon-box\" data-id=\"32cc98b\" data-element_type=\"widget\" data-widget_type=\"icon-box.default\">\n\t\t\t\t<div class=\"elementor-widget-container\">\n\t\t\t\t\t\t\t<div class=\"elementor-icon-box-wrapper\">\n\n\t\t\t\t\t\t<div class=\"elementor-icon-box-icon\">\n\t\t\t\t<span  class=\"elementor-icon\">\n\t\t\t\t<i aria-hidden=\"true\" class=\"icon icon-arrows\"><\/i>\t\t\t\t<\/span>\n\t\t\t<\/div>\n\t\t\t\n\t\t\t\t\t\t<div class=\"elementor-icon-box-content\">\n\n\t\t\t\t\t\t\t\t\t<h3 class=\"elementor-icon-box-title\">\n\t\t\t\t\t\t<span  >\n\t\t\t\t\t\t\t\u0130zmir\t\t\t\t\t\t<\/span>\n\t\t\t\t\t<\/h3>\n\t\t\t\t\n\t\t\t\t\t\t\t\t\t<p class=\"elementor-icon-box-description\">\n\t\t\t\t\t\t\u0412\u0438\u043b\u043b\u0430 \u0413\u0440\u0430\u043d\u0434\u0435 \u041a\u0430\u043b\u043a\u0430\u043d\t\t\t\t\t<\/p>\n\t\t\t\t\n\t\t\t<\/div>\n\t\t\t\n\t\t<\/div>\n\t\t\t\t\t\t<\/div>\n\t\t\t\t<\/div>\n\t\t\t\t<div class=\"elementor-element elementor-element-fc18b80 wpr-feature-list-left wpr-feature-list-square wpr-feature-list-line-yes elementor-widget elementor-widget-wpr-feature-list\" data-id=\"fc18b80\" data-element_type=\"widget\" data-widget_type=\"wpr-feature-list.default\">\n\t\t\t\t<div class=\"elementor-widget-container\">\n\t\t\t\t\t<div class=\"wpr-feature-list-wrap\"><ul class=\"wpr-feature-list\"><li class=\"wpr-feature-list-item elementor-repeater-item-c7e72ad\"><div class=\"wpr-feature-list-icon-wrap\"><span class=\"wpr-feature-list-line\"><\/span><div class=\"wpr-feature-list-icon-inner-wrap\"><i aria-hidden=\"true\" class=\"icon icon-cityscape\"><\/i><\/div><\/div><div class=\"wpr-feature-list-content-wrap\"><h2 class=\"wpr-feature-list-title\"><a class=\"wpr-feature-list-url\" target=\"_blank\" rel=\"nofollow\">\u0410\u044d\u0440\u043e\u043f\u043e\u0440\u0442 \u0410\u043d\u0442\u0430\u043b\u0438\u0438 (AYT)<\/a><\/h2><p class=\"wpr-feature-list-description\"><\/p><\/div><\/li><li class=\"wpr-feature-list-item elementor-repeater-item-f664ce5\"><div class=\"wpr-feature-list-icon-wrap\"><span class=\"wpr-feature-list-line\"><\/span><div class=\"wpr-feature-list-icon-inner-wrap\"><i aria-hidden=\"true\" class=\"icon icon-car-1\"><\/i><\/div><\/div><div class=\"wpr-feature-list-content-wrap\"><h2 class=\"wpr-feature-list-title\"><a class=\"wpr-feature-list-url\" target=\"_blank\" rel=\"nofollow\"><\/a><\/h2><p class=\"wpr-feature-list-description\">\u041f\u0443\u0442\u0435\u0448\u0435\u0441\u0442\u0432\u0438\u0435 \u043f\u043e \u0448\u043e\u0441\u0441\u0435, \u043a\u043e\u0442\u043e\u0440\u043e\u0435 \u0437\u0430\u043d\u0438\u043c\u0430\u0435\u0442 \u0432 \u0441\u0440\u0435\u0434\u043d\u0435\u043c 6 \u0447\u0430\u0441\u043e\u0432 \u0441 \u0440\u0430\u0437\u043b\u0438\u0447\u043d\u044b\u043c\u0438 \u043c\u0430\u0440\u0448\u0440\u0443\u0442\u0430\u043c\u0438 \u0438 \u0440\u0430\u0441\u0441\u0442\u043e\u044f\u043d\u0438\u044f\u043c\u0438.<\/p><\/div><\/li><li class=\"wpr-feature-list-item elementor-repeater-item-1d535be\"><div class=\"wpr-feature-list-icon-wrap\"><span class=\"wpr-feature-list-line\"><\/span><div class=\"wpr-feature-list-icon-inner-wrap\"><i aria-hidden=\"true\" class=\"icon icon-home2\"><\/i><\/div><\/div><div class=\"wpr-feature-list-content-wrap\"><h2 class=\"wpr-feature-list-title\"><a class=\"wpr-feature-list-url\" target=\"_blank\" rel=\"nofollow\">\u0412\u0438\u043b\u043b\u0430 \u0413\u0440\u0430\u043d\u0434\u0435 \u041a\u0430\u043b\u043a\u0430\u043d<\/a><\/h2><p class=\"wpr-feature-list-description\"><\/p><\/div><\/li><\/ul><\/div>\t\t\t\t<\/div>\n\t\t\t\t<\/div>\n\t\t\t\t<div class=\"elementor-element elementor-element-f6959d4 elementor-widget elementor-widget-image\" data-id=\"f6959d4\" data-element_type=\"widget\" data-widget_type=\"image.default\">\n\t\t\t\t<div class=\"elementor-widget-container\">\n\t\t\t\t\t\t\t\t\t\t\t\t\t\t\t\t<a href=\"https:\/\/villagrandekalkan.com\/wp-content\/uploads\/2025\/02\/izmir.png\" data-elementor-open-lightbox=\"yes\" data-elementor-lightbox-title=\"izmir\" data-e-action-hash=\"#elementor-action%3Aaction%3Dlightbox%26settings%3DeyJpZCI6NDE1MTYsInVybCI6Imh0dHBzOlwvXC92aWxsYWdyYW5kZWthbGthbi5jb21cL3dwLWNvbnRlbnRcL3VwbG9hZHNcLzIwMjVcLzAyXC9pem1pci5wbmcifQ%3D%3D\">\n\t\t\t\t\t\t\t<img decoding=\"async\" width=\"955\" height=\"1024\" src=\"https:\/\/villagrandekalkan.com\/wp-content\/uploads\/2025\/02\/izmir-955x1024.png\" class=\"attachment-large size-large wp-image-41516\" alt=\"\" srcset=\"https:\/\/villagrandekalkan.com\/wp-content\/uploads\/2025\/02\/izmir-955x1024.png 955w, https:\/\/villagrandekalkan.com\/wp-content\/uploads\/2025\/02\/izmir-280x300.png 280w, https:\/\/villagrandekalkan.com\/wp-content\/uploads\/2025\/02\/izmir-768x824.png 768w, https:\/\/villagrandekalkan.com\/wp-content\/uploads\/2025\/02\/izmir-1432x1536.png 1432w, https:\/\/villagrandekalkan.com\/wp-content\/uploads\/2025\/02\/izmir-600x644.png 600w, https:\/\/villagrandekalkan.com\/wp-content\/uploads\/2025\/02\/izmir.png 1488w\" sizes=\"(max-width: 955px) 100vw, 955px\" \/>\t\t\t\t\t\t\t\t<\/a>\n\t\t\t\t\t\t\t\t\t\t\t\t\t\t\t<\/div>\n\t\t\t\t<\/div>\n\t\t\t\t<\/div>\n\t\t\t\t\t<\/div>\n\t\t\t\t<\/div>\n\t\t\t\t<section class=\"elementor-section elementor-top-section elementor-element elementor-element-307a2209 elementor-section-boxed elementor-section-height-default elementor-section-height-default wpr-particle-no wpr-jarallax-no wpr-parallax-no wpr-sticky-section-no\" data-id=\"307a2209\" data-element_type=\"section\">\n\t\t\t\t\t\t<div class=\"elementor-container elementor-column-gap-default\">\n\t\t\t\t\t<div class=\"elementor-column elementor-col-100 elementor-top-column elementor-element elementor-element-4a3f2a94\" data-id=\"4a3f2a94\" data-element_type=\"column\">\n\t\t\t<div class=\"elementor-widget-wrap elementor-element-populated\">\n\t\t\t\t\t\t<div class=\"elementor-element elementor-element-6b514570 elementor-widget-divider--view-line elementor-widget elementor-widget-divider\" data-id=\"6b514570\" data-element_type=\"widget\" data-widget_type=\"divider.default\">\n\t\t\t\t<div class=\"elementor-widget-container\">\n\t\t\t\t\t\t\t<div class=\"elementor-divider\">\n\t\t\t<span class=\"elementor-divider-separator\">\n\t\t\t\t\t\t<\/span>\n\t\t<\/div>\n\t\t\t\t\t\t<\/div>\n\t\t\t\t<\/div>\n\t\t\t\t\t<\/div>\n\t\t<\/div>\n\t\t\t\t\t<\/div>\n\t\t<\/section>\n\t\t\t\t<\/div>","protected":false},"excerpt":{"rendered":"<p>V\u0130LLA GRANDE KALKAN Karayolu ile Ula\u015f\u0131m Villa Grande Kalkan Antalya il s\u0131n\u0131rlar\u0131nda yer almaktad\u0131r. \u0130stanbul Villa Grande Kalkan \u0130stanbul Farkl\u0131 karayolu g\u00fczergahlar\u0131 ve mesafeler ile ortalama 9 ile 10 saat aral\u0131\u011f\u0131nda s\u00fcren bir karayolu yolculu\u011fu. Villa Grande Kalkan Ankara Villa Grande Kalkan Ankara Farkl\u0131 karayolu g\u00fczergahlar\u0131 ve mesafeler ile ortalama 8 ile 9 saat aral\u0131\u011f\u0131nda s\u00fcren bir karayolu yolculu\u011fu. Villa Grande Kalkan \u0130zmir Villa Grande Kalkan Antalya Havaliman\u0131 (AYT) Farkl\u0131 karayolu g\u00fczergahlar\u0131 ve mesafeler ile ortalama 6 saat s\u00fcren bir karayolu yolculu\u011fu. Villa Grande Kalkan<\/p>","protected":false},"author":1,"featured_media":0,"parent":0,"menu_order":0,"comment_status":"closed","ping_status":"closed","template":"elementor_header_footer","meta":{"inline_featured_image":false,"pgc_sgb_lightbox_settings":"","footnotes":""},"class_list":["post-41513","page","type-page","status-publish","hentry"],"_links":{"self":[{"href":"https:\/\/villagrandekalkan.com\/ru\/wp-json\/wp\/v2\/pages\/41513","targetHints":{"allow":["GET"]}}],"collection":[{"href":"https:\/\/villagrandekalkan.com\/ru\/wp-json\/wp\/v2\/pages"}],"about":[{"href":"https:\/\/villagrandekalkan.com\/ru\/wp-json\/wp\/v2\/types\/page"}],"author":[{"embeddable":true,"href":"https:\/\/villagrandekalkan.com\/ru\/wp-json\/wp\/v2\/users\/1"}],"replies":[{"embeddable":true,"href":"https:\/\/villagrandekalkan.com\/ru\/wp-json\/wp\/v2\/comments?post=41513"}],"version-history":[{"count":7,"href":"https:\/\/villagrandekalkan.com\/ru\/wp-json\/wp\/v2\/pages\/41513\/revisions"}],"predecessor-version":[{"id":41524,"href":"https:\/\/villagrandekalkan.com\/ru\/wp-json\/wp\/v2\/pages\/41513\/revisions\/41524"}],"wp:attachment":[{"href":"https:\/\/villagrandekalkan.com\/ru\/wp-json\/wp\/v2\/media?parent=41513"}],"curies":[{"name":"wp","href":"https:\/\/api.w.org\/{rel}","templated":true}]}}