{"id":41614,"date":"2025-02-22T19:36:00","date_gmt":"2025-02-22T19:36:00","guid":{"rendered":"https:\/\/villagrandekalkan.com\/?page_id=41614"},"modified":"2025-03-08T21:01:20","modified_gmt":"2025-03-08T21:01:20","slug":"kat-planlari","status":"publish","type":"page","link":"https:\/\/villagrandekalkan.com\/ru\/kat-planlari\/","title":{"rendered":"\u041f\u043b\u0430\u043d\u044b \u044d\u0442\u0430\u0436\u0435\u0439"},"content":{"rendered":"<div data-elementor-type=\"wp-page\" data-elementor-id=\"41614\" class=\"elementor elementor-41614\">\n\t\t\t\t\t\t<section class=\"elementor-section elementor-top-section elementor-element elementor-element-8cd2364 elementor-section-boxed elementor-section-height-default elementor-section-height-default wpr-particle-no wpr-jarallax-no wpr-parallax-no wpr-sticky-section-no\" data-id=\"8cd2364\" data-element_type=\"section\" data-settings=\"{&quot;background_background&quot;:&quot;classic&quot;,&quot;shape_divider_bottom&quot;:&quot;triangle&quot;,&quot;shape_divider_bottom_negative&quot;:&quot;yes&quot;,&quot;shape_divider_top&quot;:&quot;curve&quot;}\">\n\t\t\t\t\t\t\t<div class=\"elementor-background-overlay\"><\/div>\n\t\t\t\t\t\t<div class=\"elementor-shape elementor-shape-top\" aria-hidden=\"true\" data-negative=\"false\">\n\t\t\t<svg xmlns=\"http:\/\/www.w3.org\/2000\/svg\" viewbox=\"0 0 1000 100\" preserveaspectratio=\"none\">\n    <path class=\"elementor-shape-fill\" d=\"M1000,4.3V0H0v4.3C0.9,23.1,126.7,99.2,500,100S1000,22.7,1000,4.3z\"\/>\n<\/svg>\t\t<\/div>\n\t\t\t\t<div class=\"elementor-shape elementor-shape-bottom\" aria-hidden=\"true\" data-negative=\"true\">\n\t\t\t<svg xmlns=\"http:\/\/www.w3.org\/2000\/svg\" viewbox=\"0 0 1000 100\" preserveaspectratio=\"none\">\n\t<path class=\"elementor-shape-fill\" d=\"M500.2,94.7L0,0v100h1000V0L500.2,94.7z\"\/>\n<\/svg>\t\t<\/div>\n\t\t\t\t\t<div class=\"elementor-container elementor-column-gap-default\">\n\t\t\t\t\t<div class=\"elementor-column elementor-col-100 elementor-top-column elementor-element elementor-element-6208766 elementor-invisible\" data-id=\"6208766\" data-element_type=\"column\" data-settings=\"{&quot;animation&quot;:&quot;fadeIn&quot;}\">\n\t\t\t<div class=\"elementor-widget-wrap elementor-element-populated\">\n\t\t\t\t\t\t<div class=\"elementor-element elementor-element-a712948 elementor-widget elementor-widget-heading\" data-id=\"a712948\" data-element_type=\"widget\" data-widget_type=\"heading.default\">\n\t\t\t\t<div class=\"elementor-widget-container\">\n\t\t\t\t\t<h2 class=\"elementor-heading-title elementor-size-default\">\u041f\u041b\u0410\u041d\u042b \u042d\u0422\u0410\u0416\u0415\u0419 VILLA GRANDE KALKAN<\/h2>\t\t\t\t<\/div>\n\t\t\t\t<\/div>\n\t\t\t\t<div class=\"elementor-element elementor-element-115bb8b elementor-widget elementor-widget-heading\" data-id=\"115bb8b\" data-element_type=\"widget\" data-widget_type=\"heading.default\">\n\t\t\t\t<div class=\"elementor-widget-container\">\n\t\t\t\t\t<h2 class=\"elementor-heading-title elementor-size-default\">\u0412\u044b \u043c\u043e\u0436\u0435\u0442\u0435 \u0441\u043f\u043b\u0430\u043d\u0438\u0440\u043e\u0432\u0430\u0442\u044c \u0432\u044b\u0431\u043e\u0440 \u043a\u043e\u043c\u043d\u0430\u0442 \u043f\u0440\u044f\u043c\u043e \u0441\u0435\u0439\u0447\u0430\u0441!<\/h2>\t\t\t\t<\/div>\n\t\t\t\t<\/div>\n\t\t\t\t\t<\/div>\n\t\t<\/div>\n\t\t\t\t\t<\/div>\n\t\t<\/section>\n\t\t<div class=\"elementor-element elementor-element-cedf0d7 e-flex e-con-boxed wpr-particle-no wpr-jarallax-no wpr-parallax-no wpr-sticky-section-no e-con e-parent\" data-id=\"cedf0d7\" data-element_type=\"container\">\n\t\t\t\t\t<div class=\"e-con-inner\">\n\t\t\t\t<div class=\"elementor-element elementor-element-36b5bd3 elementor-widget elementor-widget-image\" data-id=\"36b5bd3\" data-element_type=\"widget\" data-widget_type=\"image.default\">\n\t\t\t\t<div class=\"elementor-widget-container\">\n\t\t\t\t\t\t\t\t\t\t\t\t\t\t\t\t<a href=\"https:\/\/villagrandekalkan.com\/wp-content\/uploads\/2025\/02\/katplanlari1.jpg\" data-elementor-open-lightbox=\"yes\" data-elementor-lightbox-title=\"katplanlari1\" data-e-action-hash=\"#elementor-action%3Aaction%3Dlightbox%26settings%3DeyJpZCI6NDE2MzAsInVybCI6Imh0dHBzOlwvXC92aWxsYWdyYW5kZWthbGthbi5jb21cL3dwLWNvbnRlbnRcL3VwbG9hZHNcLzIwMjVcLzAyXC9rYXRwbGFubGFyaTEuanBnIn0%3D\">\n\t\t\t\t\t\t\t<img fetchpriority=\"high\" decoding=\"async\" width=\"800\" height=\"500\" src=\"https:\/\/villagrandekalkan.com\/wp-content\/uploads\/2025\/02\/katplanlari1.jpg\" class=\"attachment-large size-large wp-image-41630\" alt=\"\" srcset=\"https:\/\/villagrandekalkan.com\/wp-content\/uploads\/2025\/02\/katplanlari1.jpg 800w, https:\/\/villagrandekalkan.com\/wp-content\/uploads\/2025\/02\/katplanlari1-300x188.jpg 300w, https:\/\/villagrandekalkan.com\/wp-content\/uploads\/2025\/02\/katplanlari1-768x480.jpg 768w, https:\/\/villagrandekalkan.com\/wp-content\/uploads\/2025\/02\/katplanlari1-600x375.jpg 600w\" sizes=\"(max-width: 800px) 100vw, 800px\" \/>\t\t\t\t\t\t\t\t<\/a>\n\t\t\t\t\t\t\t\t\t\t\t\t\t\t\t<\/div>\n\t\t\t\t<\/div>\n\t\t\t\t<div class=\"elementor-element elementor-element-09f0c93 elementor-widget elementor-widget-image\" data-id=\"09f0c93\" data-element_type=\"widget\" data-widget_type=\"image.default\">\n\t\t\t\t<div class=\"elementor-widget-container\">\n\t\t\t\t\t\t\t\t\t\t\t\t\t\t\t\t<a href=\"https:\/\/villagrandekalkan.com\/wp-content\/uploads\/2025\/02\/katplanlari2.jpg\" data-elementor-open-lightbox=\"yes\" data-elementor-lightbox-title=\"katplanlari2\" data-e-action-hash=\"#elementor-action%3Aaction%3Dlightbox%26settings%3DeyJpZCI6NDE2MzEsInVybCI6Imh0dHBzOlwvXC92aWxsYWdyYW5kZWthbGthbi5jb21cL3dwLWNvbnRlbnRcL3VwbG9hZHNcLzIwMjVcLzAyXC9rYXRwbGFubGFyaTIuanBnIn0%3D\">\n\t\t\t\t\t\t\t<img decoding=\"async\" width=\"800\" height=\"500\" src=\"https:\/\/villagrandekalkan.com\/wp-content\/uploads\/2025\/02\/katplanlari2.jpg\" class=\"attachment-large size-large wp-image-41631\" alt=\"\" srcset=\"https:\/\/villagrandekalkan.com\/wp-content\/uploads\/2025\/02\/katplanlari2.jpg 800w, https:\/\/villagrandekalkan.com\/wp-content\/uploads\/2025\/02\/katplanlari2-300x188.jpg 300w, https:\/\/villagrandekalkan.com\/wp-content\/uploads\/2025\/02\/katplanlari2-768x480.jpg 768w, https:\/\/villagrandekalkan.com\/wp-content\/uploads\/2025\/02\/katplanlari2-600x375.jpg 600w\" sizes=\"(max-width: 800px) 100vw, 800px\" \/>\t\t\t\t\t\t\t\t<\/a>\n\t\t\t\t\t\t\t\t\t\t\t\t\t\t\t<\/div>\n\t\t\t\t<\/div>\n\t\t\t\t<div class=\"elementor-element elementor-element-53ef886 elementor-widget elementor-widget-image\" data-id=\"53ef886\" data-element_type=\"widget\" data-widget_type=\"image.default\">\n\t\t\t\t<div class=\"elementor-widget-container\">\n\t\t\t\t\t\t\t\t\t\t\t\t\t\t\t\t<a href=\"https:\/\/villagrandekalkan.com\/wp-content\/uploads\/2025\/02\/katplanlari3.jpg\" data-elementor-open-lightbox=\"yes\" data-elementor-lightbox-title=\"katplanlari3\" data-e-action-hash=\"#elementor-action%3Aaction%3Dlightbox%26settings%3DeyJpZCI6NDE2MzIsInVybCI6Imh0dHBzOlwvXC92aWxsYWdyYW5kZWthbGthbi5jb21cL3dwLWNvbnRlbnRcL3VwbG9hZHNcLzIwMjVcLzAyXC9rYXRwbGFubGFyaTMuanBnIn0%3D\">\n\t\t\t\t\t\t\t<img decoding=\"async\" width=\"800\" height=\"500\" src=\"https:\/\/villagrandekalkan.com\/wp-content\/uploads\/2025\/02\/katplanlari3.jpg\" class=\"attachment-large size-large wp-image-41632\" alt=\"\" srcset=\"https:\/\/villagrandekalkan.com\/wp-content\/uploads\/2025\/02\/katplanlari3.jpg 800w, https:\/\/villagrandekalkan.com\/wp-content\/uploads\/2025\/02\/katplanlari3-300x188.jpg 300w, https:\/\/villagrandekalkan.com\/wp-content\/uploads\/2025\/02\/katplanlari3-768x480.jpg 768w, https:\/\/villagrandekalkan.com\/wp-content\/uploads\/2025\/02\/katplanlari3-600x375.jpg 600w\" sizes=\"(max-width: 800px) 100vw, 800px\" \/>\t\t\t\t\t\t\t\t<\/a>\n\t\t\t\t\t\t\t\t\t\t\t\t\t\t\t<\/div>\n\t\t\t\t<\/div>\n\t\t\t\t<div class=\"elementor-element elementor-element-ce24a1d elementor-widget elementor-widget-image\" data-id=\"ce24a1d\" data-element_type=\"widget\" data-widget_type=\"image.default\">\n\t\t\t\t<div class=\"elementor-widget-container\">\n\t\t\t\t\t\t\t\t\t\t\t\t\t\t\t\t<a href=\"https:\/\/villagrandekalkan.com\/wp-content\/uploads\/2025\/02\/katplanlari4.jpg\" data-elementor-open-lightbox=\"yes\" data-elementor-lightbox-title=\"katplanlari4\" data-e-action-hash=\"#elementor-action%3Aaction%3Dlightbox%26settings%3DeyJpZCI6NDE2MzMsInVybCI6Imh0dHBzOlwvXC92aWxsYWdyYW5kZWthbGthbi5jb21cL3dwLWNvbnRlbnRcL3VwbG9hZHNcLzIwMjVcLzAyXC9rYXRwbGFubGFyaTQuanBnIn0%3D\">\n\t\t\t\t\t\t\t<img loading=\"lazy\" decoding=\"async\" width=\"800\" height=\"500\" src=\"https:\/\/villagrandekalkan.com\/wp-content\/uploads\/2025\/02\/katplanlari4.jpg\" class=\"attachment-large size-large wp-image-41633\" alt=\"\" srcset=\"https:\/\/villagrandekalkan.com\/wp-content\/uploads\/2025\/02\/katplanlari4.jpg 800w, https:\/\/villagrandekalkan.com\/wp-content\/uploads\/2025\/02\/katplanlari4-300x188.jpg 300w, https:\/\/villagrandekalkan.com\/wp-content\/uploads\/2025\/02\/katplanlari4-768x480.jpg 768w, https:\/\/villagrandekalkan.com\/wp-content\/uploads\/2025\/02\/katplanlari4-600x375.jpg 600w\" sizes=\"(max-width: 800px) 100vw, 800px\" \/>\t\t\t\t\t\t\t\t<\/a>\n\t\t\t\t\t\t\t\t\t\t\t\t\t\t\t<\/div>\n\t\t\t\t<\/div>\n\t\t\t\t\t<\/div>\n\t\t\t\t<\/div>\n\t\t\t\t<\/div>","protected":false},"excerpt":{"rendered":"<p>V\u0130LLA GRANDE KALKAN KAT PLANLARI Odalar\u0131n se\u00e7imini \u015fimdiden planlayabilirsiniz!<\/p>","protected":false},"author":1,"featured_media":0,"parent":0,"menu_order":0,"comment_status":"closed","ping_status":"closed","template":"elementor_header_footer","meta":{"inline_featured_image":false,"pgc_sgb_lightbox_settings":"","footnotes":""},"class_list":["post-41614","page","type-page","status-publish","hentry"],"_links":{"self":[{"href":"https:\/\/villagrandekalkan.com\/ru\/wp-json\/wp\/v2\/pages\/41614","targetHints":{"allow":["GET"]}}],"collection":[{"href":"https:\/\/villagrandekalkan.com\/ru\/wp-json\/wp\/v2\/pages"}],"about":[{"href":"https:\/\/villagrandekalkan.com\/ru\/wp-json\/wp\/v2\/types\/page"}],"author":[{"embeddable":true,"href":"https:\/\/villagrandekalkan.com\/ru\/wp-json\/wp\/v2\/users\/1"}],"replies":[{"embeddable":true,"href":"https:\/\/villagrandekalkan.com\/ru\/wp-json\/wp\/v2\/comments?post=41614"}],"version-history":[{"count":13,"href":"https:\/\/villagrandekalkan.com\/ru\/wp-json\/wp\/v2\/pages\/41614\/revisions"}],"predecessor-version":[{"id":41639,"href":"https:\/\/villagrandekalkan.com\/ru\/wp-json\/wp\/v2\/pages\/41614\/revisions\/41639"}],"wp:attachment":[{"href":"https:\/\/villagrandekalkan.com\/ru\/wp-json\/wp\/v2\/media?parent=41614"}],"curies":[{"name":"wp","href":"https:\/\/api.w.org\/{rel}","templated":true}]}}